{"id":80,"date":"2023-03-13T11:48:55","date_gmt":"2023-03-13T11:48:55","guid":{"rendered":"https:\/\/www.gecarbon.org\/demo2023\/?page_id=80"},"modified":"2023-03-31T11:01:31","modified_gmt":"2023-03-31T11:01:31","slug":"programa","status":"publish","type":"page","link":"https:\/\/www.gecarbon.org\/xvireuniongec\/index.php\/programa\/","title":{"rendered":"Programa"},"content":{"rendered":"<div data-colibri-id=\"80-c1\" class=\"style-395 style-local-80-c1 position-relative\">\n  <!---->\n  <div data-colibri-component=\"section\" data-colibri-id=\"80-c93\" id=\"features\" class=\"h-section h-section-global-spacing d-flex align-items-lg-center align-items-md-center align-items-center style-578 style-local-80-c93 position-relative\">\n    <!---->\n    <!---->\n    <div class=\"h-section-grid-container h-section-boxed-container\">\n      <!---->\n      <div data-colibri-id=\"80-c162\" class=\"h-row-container gutters-row-lg-2 gutters-row-md-2 gutters-row-0 gutters-row-v-lg-2 gutters-row-v-md-2 gutters-row-v-2 style-611 style-local-80-c162 position-relative\">\n        <!---->\n        <div class=\"h-row justify-content-lg-center justify-content-md-center justify-content-center align-items-lg-stretch align-items-md-stretch align-items-stretch gutters-col-lg-2 gutters-col-md-2 gutters-col-0 gutters-col-v-lg-2 gutters-col-v-md-2 gutters-col-v-2\">\n          <!---->\n          <div class=\"h-column h-column-container d-flex h-col-lg-auto h-col-md-auto h-col-auto style-612-outer style-local-80-c163-outer\">\n            <div data-colibri-id=\"80-c163\" class=\"d-flex h-flex-basis h-column__inner h-px-lg-2 h-px-md-2 h-px-2 v-inner-lg-2 v-inner-md-2 v-inner-2 style-612 style-local-80-c163 position-relative\">\n              <!---->\n              <!---->\n              <div class=\"w-100 h-y-container h-column__content h-column__v-align flex-basis-100 align-self-lg-start align-self-md-start align-self-start\">\n                <!---->\n                <div data-colibri-id=\"80-c164\" class=\"h-global-transition-all h-heading style-610 style-local-80-c164 position-relative h-element\">\n                  <!---->\n                  <div class=\"h-heading__outer style-610 style-local-80-c164\">\n                    <!---->\n                    <!---->\n                    <h1 class=\"\">Tem\u00e1ticas<\/h1>\n                  <\/div>\n                <\/div>\n              <\/div>\n            <\/div>\n          <\/div>\n        <\/div>\n      <\/div>\n      <div data-colibri-id=\"80-c94\" class=\"h-row-container gutters-row-lg-2 gutters-row-md-2 gutters-row-2 gutters-row-v-lg-2 gutters-row-v-md-2 gutters-row-v-2 style-579 style-local-80-c94 position-relative\">\n        <!---->\n        <div class=\"h-row justify-content-lg-center justify-content-md-center justify-content-center align-items-lg-center align-items-md-center align-items-center gutters-col-lg-2 gutters-col-md-2 gutters-col-2 gutters-col-v-lg-2 gutters-col-v-md-2 gutters-col-v-2\">\n          <!---->\n          <div class=\"h-column h-column-container d-flex h-col-lg-4 h-col-md-6 h-col-12 align-self-lg-center align-self-md-center align-self-center style-580-outer style-local-80-c95-outer\">\n            <div data-colibri-id=\"80-c95\" class=\"d-flex h-flex-basis h-column__inner h-px-lg-3 h-px-md-3 h-px-2 v-inner-lg-3 v-inner-md-3 v-inner-2 style-580 style-local-80-c95 position-relative\">\n              <!---->\n              <!---->\n              <div class=\"w-100 h-y-container h-column__content h-column__v-align flex-basis-100 align-self-lg-center align-self-md-center align-self-center\">\n                <!---->\n                <div data-colibri-id=\"80-c96\" class=\"h-icon style-581 style-local-80-c96 position-relative h-element\">\n                  <!----><span class=\"h-svg-icon h-icon__icon style-581-icon style-local-80-c96-icon\"><!--Icon by Font Awesome (https:\/\/fontawesome.com)-->\n    <svg version=\"1.1\" xmlns=\"http:\/\/www.w3.org\/2000\/svg\" xmlns:xlink=\"http:\/\/www.w3.org\/1999\/xlink\" id=\"cog\" viewBox=\"0 0 1536 1896.0833\">\n      <path d=\"M1024 896q0-106-75-181t-181-75-181 75-75 181 75 181 181 75 181-75 75-181zm512-109v222q0 12-8 23t-20 13l-185 28q-19 54-39 91 35 50 107 138 10 12 10 25t-9 23q-27 37-99 108t-94 71q-12 0-26-9l-138-108q-44 23-91 38-16 136-29 186-7 28-36 28H657q-14 0-24.5-8.5T621 1634l-28-184q-49-16-90-37l-141 107q-10 9-25 9-14 0-25-11-126-114-165-168-7-10-7-23 0-12 8-23 15-21 51-66.5t54-70.5q-27-50-41-99l-183-27q-13-2-21-12.5T0 1005V783q0-12 8-23t19-13l186-28q14-46 39-92-40-57-107-138-10-12-10-24 0-10 9-23 26-36 98.5-107.5T337 263q13 0 26 10l138 107q44-23 91-38 16-136 29-186 7-28 36-28h222q14 0 24.5 8.5T915 158l28 184q49 16 90 37l142-107q9-9 24-9 13 0 25 10 129 119 165 170 7 8 7 22 0 12-8 23-15 21-51 66.5t-54 70.5q26 50 41 98l183 28q13 2 21 12.5t8 23.5z\"><\/path>\n    <\/svg><\/span><\/div>\n                <div data-colibri-id=\"80-c98\" class=\"h-text h-text-component style-583 style-local-80-c98 position-relative h-element\">\n                  <!---->\n                  <!---->\n                  <div class=\"\">\n                    <p>Preparaci\u00f3n y caracterizaci\u00f3n de materiales de carbono<\/p>\n                  <\/div>\n                <\/div>\n              <\/div>\n            <\/div>\n          <\/div>\n          <div class=\"h-column h-column-container d-flex h-col-lg-4 h-col-md-6 h-col-12 align-self-lg-center align-self-md-center align-self-center style-580-outer style-local-80-c101-outer\">\n            <div data-colibri-id=\"80-c101\" class=\"d-flex h-flex-basis h-column__inner h-px-lg-3 h-px-md-3 h-px-2 v-inner-lg-3 v-inner-md-3 v-inner-2 style-580 style-local-80-c101 position-relative\">\n              <!---->\n              <!---->\n              <div class=\"w-100 h-y-container h-column__content h-column__v-align flex-basis-100 align-self-lg-center align-self-md-center align-self-center\">\n                <!---->\n                <div data-colibri-id=\"80-c102\" class=\"h-icon style-581 style-local-80-c102 position-relative h-element\">\n                  <!----><span class=\"h-svg-icon h-icon__icon style-581-icon style-local-80-c102-icon\"><!--Icon by Icons8 Line Awesome (https:\/\/icons8.com\/line-awesome)--><svg version=\"1.1\" xmlns=\"http:\/\/www.w3.org\/2000\/svg\" xmlns:xlink=\"http:\/\/www.w3.org\/1999\/xlink\" id=\"connectdevelop\" viewBox=\"0 0 512 545.5\"><path d=\"M146.5 99h219l4.5 8 100 174.5 4.5 8-4.5 8L370 472l-4.5 8h-219l-4.5-8L42 297.5l-4.5-8 4.5-8L142 107zm39 32l25 26 73-26h-98zm146 0L223 169.5l35 36.5zm-167 1.5l-.5 1V174l30.5-11zm184.5 3l-79.5 82 57 59L391 208zm-201 26L135 184l13-4.5v-18zm58.5 14L164 191v62l23.5 25 59.5-60.5zm-58.5 21l-25.5 9-1 2L148 236v-39.5zM113 222l-38.5 67.5 38 66L148 319v-59.5zm285 2l-60.5 64 38.5 39.5zm-140 5l-59.5 61 57.5 61 59.5-63zm152.5 13.5l-20.5 99 11 11.5 36.5-63.5zm-246.5 34v26l12.5-13zm162.5 23L267 363l8.5 9H367l5.5-25.5zm-139 2L164 325v47h72l9-9zm-39.5 40L120.5 370l1.5 2h26v-30.5zm238 19l-2.5 11.5h6.5l2.5-4.5zM131 388l17 29.5V388h-17zm33 0v57.5l1 2 56-59.5h-57zm79 0l-56.5 60h138l-56-60H243zm47.5 0l56 60 7-12 10-48h-73zm89.5 0l-.5 2.5 1.5-2.5h-1z\"><\/path><\/svg><\/span><\/div>\n                <div\n                  data-colibri-id=\"80-c104\" class=\"h-text h-text-component style-583 style-local-80-c104 position-relative h-element\">\n                  <!---->\n                  <!---->\n                  <div class=\"\">\n                    <p>Nanomateriales, materiales compuestos y materiales avanzados (1D, 2D, 3D)<\/p>\n                  <\/div>\n              <\/div>\n            <\/div>\n          <\/div>\n        <\/div>\n        <div class=\"h-column h-column-container d-flex h-col-lg-4 h-col-md-6 h-col-12 align-self-lg-center align-self-md-center align-self-center style-580-outer style-local-80-c107-outer\">\n          <div data-colibri-id=\"80-c107\" class=\"d-flex h-flex-basis h-column__inner h-px-lg-3 h-px-md-3 h-px-2 v-inner-lg-3 v-inner-md-3 v-inner-2 style-580 style-local-80-c107 position-relative\">\n            <!---->\n            <!---->\n            <div class=\"w-100 h-y-container h-column__content h-column__v-align flex-basis-100 align-self-lg-center align-self-md-center align-self-center\">\n              <!---->\n              <div data-colibri-id=\"80-c108\" class=\"h-icon style-581 style-local-80-c108 position-relative h-element\">\n                <!----><span class=\"h-svg-icon h-icon__icon style-581-icon style-local-80-c108-icon\"><!--Icon by Font Awesome (https:\/\/fontawesome.com)-->\n    <svg version=\"1.1\" xmlns=\"http:\/\/www.w3.org\/2000\/svg\" xmlns:xlink=\"http:\/\/www.w3.org\/1999\/xlink\" id=\"bolt\" viewBox=\"0 0 974.0545 1896.0833\">\n      <path d=\"M885 566q18 20 7 44L352 1767q-13 25-42 25-4 0-14-2-17-5-25.5-19t-4.5-30l197-808-406 101q-4 1-12 1-18 0-31-11-18-15-13-39l201-825q4-14 16-23t28-9h328q19 0 32 12.5t13 29.5q0 8-5 18L443 651l396-98q8-2 12-2 19 0 34 15z\"><\/path>\n    <\/svg><\/span><\/div>\n              <div data-colibri-id=\"80-c110\" class=\"h-text h-text-component style-583 style-local-80-c110 position-relative h-element\">\n                <!---->\n                <!---->\n                <div class=\"\">\n                  <p>Aplicaciones en almacenamiento de energ\u00eda<\/p>\n                <\/div>\n              <\/div>\n            <\/div>\n          <\/div>\n        <\/div>\n      <\/div>\n    <\/div>\n  <\/div>\n<\/div>\n<div data-colibri-component=\"section\" data-colibri-id=\"80-c126\" id=\"features-2\" class=\"h-section h-section-global-spacing d-flex align-items-lg-center align-items-md-center align-items-center style-593 style-local-80-c126 position-relative\">\n  <!---->\n  <!---->\n  <div class=\"h-section-grid-container h-section-boxed-container\">\n    <!---->\n    <div data-colibri-id=\"80-c127\" class=\"h-row-container gutters-row-lg-2 gutters-row-md-2 gutters-row-2 gutters-row-v-lg-2 gutters-row-v-md-2 gutters-row-v-2 style-594 style-local-80-c127 position-relative\">\n      <!---->\n      <div class=\"h-row justify-content-lg-center justify-content-md-center justify-content-center align-items-lg-stretch align-items-md-stretch align-items-stretch gutters-col-lg-2 gutters-col-md-2 gutters-col-2 gutters-col-v-lg-2 gutters-col-v-md-2 gutters-col-v-2\">\n        <!---->\n        <div class=\"h-column h-column-container d-flex h-col-lg-4 h-col-md-6 h-col-12 style-595-outer style-local-80-c128-outer\">\n          <div data-colibri-id=\"80-c128\" class=\"d-flex h-flex-basis h-column__inner h-px-lg-3 h-px-md-3 h-px-2 v-inner-lg-3 v-inner-md-3 v-inner-2 style-595 style-local-80-c128 position-relative\">\n            <!---->\n            <!---->\n            <div class=\"w-100 h-y-container h-column__content h-column__v-align flex-basis-100 align-self-lg-center align-self-md-center align-self-center\">\n              <!---->\n              <div data-colibri-id=\"80-c129\" class=\"h-icon style-596 style-local-80-c129 position-relative h-element\">\n                <!----><span class=\"h-svg-icon h-icon__icon style-596-icon style-local-80-c129-icon\"><!--Icon by Font Awesome (https:\/\/fontawesome.com)-->\n    <svg version=\"1.1\" xmlns=\"http:\/\/www.w3.org\/2000\/svg\" xmlns:xlink=\"http:\/\/www.w3.org\/1999\/xlink\" id=\"stack-overflow\" viewBox=\"0 0 1536 1896.0833\">\n      <path d=\"M1289 1632H171v-480H11v640h1438v-640h-160v480zm-942-524l33-157 783 165-33 156zm103-374l67-146 725 339-67 145zm201-356l102-123 614 513-102 123zM1048 0l477 641-128 96L920 96zM330 1471v-159h800v159H330z\"><\/path>\n    <\/svg><\/span><\/div>\n              <div data-colibri-id=\"80-c131\" class=\"h-text h-text-component style-598 style-local-80-c131 position-relative h-element\">\n                <!---->\n                <!---->\n                <div class=\"\">\n                  <p>Tecnolog\u00edas para la generaci\u00f3n sostenible de energ\u00eda<\/p>\n                <\/div>\n              <\/div>\n            <\/div>\n          <\/div>\n        <\/div>\n        <div class=\"h-column h-column-container d-flex h-col-lg-4 h-col-md-6 h-col-12 style-595-outer style-local-80-c134-outer\">\n          <div data-colibri-id=\"80-c134\" class=\"d-flex h-flex-basis h-column__inner h-px-lg-3 h-px-md-3 h-px-2 v-inner-lg-3 v-inner-md-3 v-inner-2 style-595 style-local-80-c134 position-relative\">\n            <!---->\n            <!---->\n            <div class=\"w-100 h-y-container h-column__content h-column__v-align flex-basis-100 align-self-lg-center align-self-md-center align-self-center\">\n              <!---->\n              <div data-colibri-id=\"80-c135\" class=\"h-icon style-596 style-local-80-c135 position-relative h-element\">\n                <!----><span class=\"h-svg-icon h-icon__icon style-596-icon style-local-80-c135-icon\"><!--Icon by Font Awesome (https:\/\/fontawesome.com)-->\n    <svg version=\"1.1\" xmlns=\"http:\/\/www.w3.org\/2000\/svg\" xmlns:xlink=\"http:\/\/www.w3.org\/1999\/xlink\" id=\"flask\" viewBox=\"0 0 1664 1896.0833\">\n      <path d=\"M1527 1448q56 89 21.5 152.5T1408 1664H256q-106 0-140.5-63.5T137 1448l503-793V256h-64q-26 0-45-19t-19-45 19-45 45-19h512q26 0 45 19t19 45-19 45-45 19h-64v399zM748 723l-272 429h712L916 723l-20-31V256H768v436z\"><\/path>\n    <\/svg><\/span><\/div>\n              <div data-colibri-id=\"80-c137\" class=\"h-text h-text-component style-598 style-local-80-c137 position-relative h-element\">\n                <!---->\n                <!---->\n                <div class=\"\">\n                  <p>Aplicaciones catal\u00edticas, medioambientales y biosanitarias<\/p>\n                <\/div>\n              <\/div>\n            <\/div>\n          <\/div>\n        <\/div>\n      <\/div>\n    <\/div>\n  <\/div>\n<\/div>\n<div data-colibri-component=\"section\" data-colibri-id=\"80-c156\" id=\"custom\" class=\"h-section h-section-global-spacing d-flex align-items-lg-center align-items-md-center align-items-center style-605 style-local-80-c156 position-relative\">\n  <!---->\n  <!---->\n  <div class=\"h-section-grid-container h-section-boxed-container\">\n    <!---->\n    <div data-colibri-id=\"80-c157\" class=\"h-row-container gutters-row-lg-2 gutters-row-md-2 gutters-row-0 gutters-row-v-lg-2 gutters-row-v-md-2 gutters-row-v-2 style-606 style-local-80-c157 position-relative\">\n      <!---->\n      <div class=\"h-row justify-content-lg-center justify-content-md-center justify-content-center align-items-lg-stretch align-items-md-stretch align-items-stretch gutters-col-lg-2 gutters-col-md-2 gutters-col-0 gutters-col-v-lg-2 gutters-col-v-md-2 gutters-col-v-2\">\n        <!---->\n        <div class=\"h-column h-column-container d-flex h-col-lg-auto h-col-md-auto h-col-auto style-607-outer style-local-80-c158-outer\">\n          <div data-colibri-id=\"80-c158\" class=\"d-flex h-flex-basis h-column__inner h-ui-empty-state-container h-px-lg-2 h-px-md-2 h-px-2 v-inner-lg-2 v-inner-md-2 v-inner-2 style-607 style-local-80-c158 position-relative\">\n            <!---->\n            <!---->\n            <div class=\"w-100 h-y-container h-column__content h-column__v-align flex-basis-100\">\n              <!---->\n            <\/div>\n          <\/div>\n        <\/div>\n      <\/div>\n    <\/div>\n  <\/div>\n<\/div>\n<\/div>","protected":false},"excerpt":{"rendered":"<p>Tem\u00e1ticas Preparaci\u00f3n y caracterizaci\u00f3n de materiales de carbono Nanomateriales, materiales compuestos y materiales avanzados (1D, 2D, 3D) Aplicaciones en almacenamiento de energ\u00eda Tecnolog\u00edas para la generaci\u00f3n sostenible de energ\u00eda Aplicaciones catal\u00edticas, medioambientales y biosanitarias<\/p>\n","protected":false},"author":1,"featured_media":0,"parent":0,"menu_order":0,"comment_status":"closed","ping_status":"closed","template":"page-templates\/full-width-page.php","meta":[],"_links":{"self":[{"href":"https:\/\/www.gecarbon.org\/xvireuniongec\/index.php\/wp-json\/wp\/v2\/pages\/80"}],"collection":[{"href":"https:\/\/www.gecarbon.org\/xvireuniongec\/index.php\/wp-json\/wp\/v2\/pages"}],"about":[{"href":"https:\/\/www.gecarbon.org\/xvireuniongec\/index.php\/wp-json\/wp\/v2\/types\/page"}],"author":[{"embeddable":true,"href":"https:\/\/www.gecarbon.org\/xvireuniongec\/index.php\/wp-json\/wp\/v2\/users\/1"}],"replies":[{"embeddable":true,"href":"https:\/\/www.gecarbon.org\/xvireuniongec\/index.php\/wp-json\/wp\/v2\/comments?post=80"}],"version-history":[{"count":3,"href":"https:\/\/www.gecarbon.org\/xvireuniongec\/index.php\/wp-json\/wp\/v2\/pages\/80\/revisions"}],"predecessor-version":[{"id":374,"href":"https:\/\/www.gecarbon.org\/xvireuniongec\/index.php\/wp-json\/wp\/v2\/pages\/80\/revisions\/374"}],"wp:attachment":[{"href":"https:\/\/www.gecarbon.org\/xvireuniongec\/index.php\/wp-json\/wp\/v2\/media?parent=80"}],"curies":[{"name":"wp","href":"https:\/\/api.w.org\/{rel}","templated":true}]}}