{"id":82,"date":"2023-03-13T11:50:27","date_gmt":"2023-03-13T11:50:27","guid":{"rendered":"https:\/\/www.gecarbon.org\/demo2023\/?page_id=82"},"modified":"2023-06-20T08:29:57","modified_gmt":"2023-06-20T08:29:57","slug":"organizadores","status":"publish","type":"page","link":"https:\/\/www.gecarbon.org\/xvireuniongec\/index.php\/organizadores\/","title":{"rendered":"Organizadores"},"content":{"rendered":"<div data-colibri-id=\"82-c1\" class=\"style-351 style-local-82-c1 position-relative\">\n  <!---->\n  <div data-colibri-component=\"section\" data-colibri-id=\"82-c2\" id=\"features-2\" class=\"h-section h-section-global-spacing d-flex align-items-lg-center align-items-md-center align-items-center style-370 style-local-82-c2 position-relative\">\n    <!---->\n    <!---->\n    <div class=\"h-section-grid-container h-section-boxed-container\">\n      <!---->\n      <div data-colibri-id=\"82-c3\" class=\"h-row-container gutters-row-lg-2 gutters-row-md-2 gutters-row-2 gutters-row-v-lg-2 gutters-row-v-md-2 gutters-row-v-2 style-371 style-local-82-c3 position-relative\">\n        <!---->\n        <div class=\"h-row justify-content-lg-center justify-content-md-center justify-content-center align-items-lg-stretch align-items-md-stretch align-items-stretch gutters-col-lg-2 gutters-col-md-2 gutters-col-2 gutters-col-v-lg-2 gutters-col-v-md-2 gutters-col-v-2\">\n          <!---->\n          <div class=\"h-column h-column-container d-flex h-col-lg-6 h-col-md-6 h-col-12 style-372-outer style-local-82-c4-outer\">\n            <div data-colibri-id=\"82-c4\" class=\"d-flex h-flex-basis h-column__inner h-px-lg-0 h-px-md-0 h-px-2 v-inner-lg-0 v-inner-md-0 v-inner-2 style-372 style-local-82-c4 position-relative\">\n              <!---->\n              <!---->\n              <div class=\"w-100 h-y-container h-column__content h-column__v-align flex-basis-100 align-self-lg-start align-self-md-start align-self-start\">\n                <!---->\n                <div data-colibri-id=\"82-c5\" class=\"h-row-container gutters-row-lg-1 gutters-row-md-1 gutters-row-0 gutters-row-v-lg-1 gutters-row-v-md-1 gutters-row-v-2 style-373 style-local-82-c5 position-relative\">\n                  <!---->\n                  <div class=\"h-row justify-content-lg-center justify-content-md-center justify-content-center align-items-lg-stretch align-items-md-stretch align-items-stretch gutters-col-lg-1 gutters-col-md-1 gutters-col-0 gutters-col-v-lg-1 gutters-col-v-md-1 gutters-col-v-2\">\n                    <!---->\n                    <div class=\"h-column h-column-container d-flex h-col-lg-auto h-col-md-auto h-col-auto style-374-outer style-local-82-c6-outer\">\n                      <div data-colibri-id=\"82-c6\" class=\"d-flex h-flex-basis h-column__inner h-px-lg-1 h-px-md-1 h-px-1 v-inner-lg-1 v-inner-md-1 v-inner-1 style-374 style-local-82-c6 position-relative\">\n                        <!---->\n                        <!---->\n                        <div class=\"w-100 h-y-container h-column__content h-column__v-align flex-basis-auto align-self-lg-start align-self-md-start align-self-start\">\n                          <!---->\n                          <div data-colibri-id=\"82-c7\" class=\"h-icon style-375 style-local-82-c7 position-relative h-element\">\n                            <!----><span class=\"h-svg-icon h-icon__icon style-375-icon style-local-82-c7-icon\"><!--Icon by Font Awesome (https:\/\/fontawesome.com)-->\n    <svg version=\"1.1\" xmlns=\"http:\/\/www.w3.org\/2000\/svg\" xmlns:xlink=\"http:\/\/www.w3.org\/1999\/xlink\" id=\"home\" viewBox=\"0 0 1664 1896.0833\">\n      <path d=\"M1408 992v480q0 26-19 45t-45 19H960v-384H704v384H320q-26 0-45-19t-19-45V992q0-1 .5-3t.5-3l575-474 575 474q1 2 1 6zm223-69l-62 74q-8 9-21 11h-3q-13 0-21-7L832 424l-692 577q-12 8-24 7-13-2-21-11l-62-74q-8-10-7-23.5T37 878l719-599q32-26 76-26t76 26l244 204V288q0-14 9-23t23-9h192q14 0 23 9t9 23v408l219 182q10 8 11 21.5t-7 23.5z\"><\/path>\n    <\/svg><\/span><\/div>\n                        <\/div>\n                      <\/div>\n                    <\/div>\n                    <div class=\"h-column h-column-container d-flex h-col-lg h-col-md h-col-auto style-376-outer style-local-82-c8-outer\">\n                      <div data-colibri-id=\"82-c8\" class=\"d-flex h-flex-basis h-column__inner h-px-lg-1 h-px-md-1 h-px-1 v-inner-lg-1 v-inner-md-1 v-inner-1 style-376 style-local-82-c8 position-relative\">\n                        <!---->\n                        <!---->\n                        <div class=\"w-100 h-y-container h-column__content h-column__v-align flex-basis-100 align-self-lg-center align-self-md-center align-self-center\">\n                          <!---->\n                          <div data-colibri-id=\"82-c9\" class=\"h-global-transition-all h-heading style-377 style-local-82-c9 position-relative h-element\">\n                            <!---->\n                            <div class=\"h-heading__outer style-377 style-local-82-c9\">\n                              <!---->\n                              <!---->\n                              <h5 class=\"\">COMIT\u00c9 ORGANIZADOR<\/h5>\n                            <\/div>\n                          <\/div>\n                        <\/div>\n                      <\/div>\n                    <\/div>\n                  <\/div>\n                <\/div>\n              <\/div>\n            <\/div>\n          <\/div>\n          <div class=\"h-column h-column-container d-flex h-col-lg-6 h-col-md-6 h-col-12 style-372-outer style-local-82-c10-outer\">\n            <div data-colibri-id=\"82-c10\" class=\"d-flex h-flex-basis h-column__inner h-px-lg-0 h-px-md-0 h-px-2 v-inner-lg-0 v-inner-md-0 v-inner-2 style-372 style-local-82-c10 position-relative\">\n              <!---->\n              <!---->\n              <div class=\"w-100 h-y-container h-column__content h-column__v-align flex-basis-100 align-self-lg-start align-self-md-start align-self-start\">\n                <!---->\n                <div data-colibri-id=\"82-c11\" class=\"h-row-container gutters-row-lg-1 gutters-row-md-1 gutters-row-0 gutters-row-v-lg-1 gutters-row-v-md-1 gutters-row-v-2 style-373 style-local-82-c11 position-relative\">\n                  <!---->\n                  <div class=\"h-row justify-content-lg-center justify-content-md-center justify-content-center align-items-lg-stretch align-items-md-stretch align-items-stretch gutters-col-lg-1 gutters-col-md-1 gutters-col-0 gutters-col-v-lg-1 gutters-col-v-md-1 gutters-col-v-2\">\n                    <!---->\n                    <div class=\"h-column h-column-container d-flex h-col-lg-auto h-col-md-auto h-col-auto style-374-outer style-local-82-c12-outer\">\n                      <div data-colibri-id=\"82-c12\" class=\"d-flex h-flex-basis h-column__inner h-px-lg-1 h-px-md-1 h-px-1 v-inner-lg-1 v-inner-md-1 v-inner-1 style-374 style-local-82-c12 position-relative\">\n                        <!---->\n                        <!---->\n                        <div class=\"w-100 h-y-container h-column__content h-column__v-align flex-basis-auto align-self-lg-start align-self-md-start align-self-start\">\n                          <!---->\n                          <div data-colibri-id=\"82-c13\" class=\"h-icon style-375 style-local-82-c13 position-relative h-element\">\n                            <!----><span class=\"h-svg-icon h-icon__icon style-375-icon style-local-82-c13-icon\"><!--Icon by Icons8 Line Awesome (https:\/\/icons8.com\/line-awesome)--><svg version=\"1.1\" xmlns=\"http:\/\/www.w3.org\/2000\/svg\" xmlns:xlink=\"http:\/\/www.w3.org\/1999\/xlink\" id=\"codepen\" viewBox=\"0 0 512 545.5\"><path d=\"M256 77.5l9 6L457 212l7 4.5v143l-7 4.5-192 128.5-9 6-9-6L55 364l-7-4.5v-143l7-4.5L247 83.5zm-16 49l-147 99 64.5 43.5 82.5-55.5v-87zm32 0v87l82.5 55.5 64.5-43.5zm-16 115L186.5 288l69.5 46.5 69.5-46.5zM80 255v66l49-33zm352 0l-49 33 49 33v-66zm-274 52l-65 43.5 147 99v-87zm196 0l-82 55.5v87l147-99z\"><\/path><\/svg><\/span><\/div>\n                        <\/div>\n                      <\/div>\n                    <\/div>\n                    <div class=\"h-column h-column-container d-flex h-col-lg h-col-md h-col-auto style-376-outer style-local-82-c14-outer\">\n                      <div data-colibri-id=\"82-c14\" class=\"d-flex h-flex-basis h-column__inner h-px-lg-1 h-px-md-1 h-px-1 v-inner-lg-1 v-inner-md-1 v-inner-1 style-376 style-local-82-c14 position-relative\">\n                        <!---->\n                        <!---->\n                        <div class=\"w-100 h-y-container h-column__content h-column__v-align flex-basis-100 align-self-lg-center align-self-md-center align-self-center\">\n                          <!---->\n                          <div data-colibri-id=\"82-c15\" class=\"h-global-transition-all h-heading style-377 style-local-82-c15 position-relative h-element\">\n                            <!---->\n                            <div class=\"h-heading__outer style-377 style-local-82-c15\">\n                              <!---->\n                              <!---->\n                              <h5 class=\"\">COMIT\u00c9 LOCAL<\/h5>\n                            <\/div>\n                          <\/div>\n                        <\/div>\n                      <\/div>\n                    <\/div>\n                  <\/div>\n                <\/div>\n              <\/div>\n            <\/div>\n          <\/div>\n          <div class=\"h-column h-column-container d-flex h-col-lg-6 h-col-md-6 h-col-12 style-372-outer style-local-82-c16-outer\">\n            <div data-colibri-id=\"82-c16\" class=\"d-flex h-flex-basis h-column__inner h-px-lg-0 h-px-md-0 h-px-2 v-inner-lg-0 v-inner-md-0 v-inner-2 style-372 style-local-82-c16 position-relative\">\n              <!---->\n              <!---->\n              <div class=\"w-100 h-y-container h-column__content h-column__v-align flex-basis-100 align-self-lg-start align-self-md-start align-self-start\">\n                <!---->\n                <div data-colibri-id=\"82-c17\" class=\"h-text h-text-component style-613 style-local-82-c17 position-relative h-element\">\n                  <!---->\n                  <!---->\n                  <div class=\"\">\n                    <p>\n                      <br>\n                    <\/p>\n                    <p>Fabi\u00e1n Suarez Garc\u00eda (INCAR, CSIC) &#8211; Presidente<\/p>\n                    <p>Covadonga Pevida Garc\u00eda (INCAR, CSIC) &#8211; Secretaria<\/p>\n                    <p>Isabel Suelves Laiglesias (ICB, CSIC) &#8211; Tesorera<\/p>\n                    <p><span style=\"color: rgb(70, 112, 127); font-family: &quot;Open Sans&quot;; font-size: 16px; font-weight: 400;\"> Victoria Gil Matellanes (INCAR, CSIC) &#8211; Tesorera<\/span><\/p>\n                    <p>Ignacio Came\u00e1n Mart\u00ednez (INCAR, CSIC)&nbsp;<\/p>\n                    <p>Alberto Castro Mu\u00f1iz (INCAR, CSIC)&nbsp;<\/p>\n                    <p>Noel Diez Nogu\u00e9s (INCAR, CSIC)&nbsp;<\/p>\n                    <p>Victoria Garc\u00eda Rocha (INCAR, CSIC)&nbsp;<\/p>\n                    <p>Zoraida Gonz\u00e1lez Arias (INCAR, CSIC)&nbsp;<\/p>\n                    <p>Marta Gonz\u00e1lez Plaza (INCAR, CSIC)&nbsp;<\/p>\n                    <p>Nausika Querejeta Montes (INCAR, CSIC)&nbsp;<\/p>\n                    <p>Natalia Rey Raap (INCAR, CSIC)&nbsp;<\/p>\n                    <p>\n                      <br>\n                    <\/p>\n                  <\/div>\n                <\/div>\n              <\/div>\n            <\/div>\n          <\/div>\n          <div class=\"h-column h-column-container d-flex h-col-lg-6 h-col-md-6 h-col-12 style-372-outer style-local-82-c18-outer\">\n            <div data-colibri-id=\"82-c18\" class=\"d-flex h-flex-basis h-column__inner h-px-lg-0 h-px-md-0 h-px-2 v-inner-lg-0 v-inner-md-0 v-inner-2 style-372 style-local-82-c18 position-relative\">\n              <!---->\n              <!---->\n              <div class=\"w-100 h-y-container h-column__content h-column__v-align flex-basis-100 align-self-lg-start align-self-md-start align-self-start\">\n                <!---->\n                <div data-colibri-id=\"82-c19\" class=\"h-text h-text-component style-998 style-local-82-c19 position-relative h-element\">\n                  <!---->\n                  <!---->\n                  <div class=\"\">\n                    <p>\n                      <br>\n                    <\/p>\n                    <p>Diego Cimadevilla Cabeza<\/p>\n                    <p>Eleonora Ciurcina<\/p>\n                    <p>Crist\u00f3bal Cuesta Collada<\/p>\n                    <p>Carolina D\u00edaz Noriega<\/p>\n                    <p>Daniel Fern\u00e1ndez Carrasco<\/p>\n                    <p>Ana Fernandez-Lera Gonz\u00e1lez<\/p>\n                    <p>Sara Fernandez Villanueva<\/p>\n                    <p>Maria Gonz\u00e1lez Ingelmo<\/p>\n                    <p>Sara Gonz\u00e1lez Mart\u00ednez<\/p>\n                    <p>Samantha Lizette Flores L\u00f3pez<\/p>\n                    <p>Miriam L\u00f3pez Garc\u00eda<\/p>\n                    <p>Luc\u00eda L\u00f3pez Toyos<\/p>\n                    <p>Elisa Mart\u00ednez D\u00edaz<\/p>\n                    <p>Tamara Michelle Bernal Cedillo<\/p>\n                    <p>Eva Mu\u00f1iz Gonz\u00e1lez<\/p>\n                    <p>Sara Pay\u00e1 Gonz\u00e1lez<\/p>\n                    <p>Luis P\u00e9rez Fern\u00e1ndez<\/p>\n                    <p>Alejandro Reguera Garc\u00eda<\/p>\n                    <p>Marta Rodr\u00edguez Blanco<\/p>\n                    <p>Pablo Rodriguez Lagar<\/p>\n                    <p>Mario S\u00e1nchez Su\u00e1rez<\/p>\n                    <p>Luis Taboada Ruiz<\/p>\n                    <p>Alejandra Vega Rodr\u00edguez<\/p>\n                    <p>\n                      <br>\n                    <\/p>\n                  <\/div>\n                <\/div>\n              <\/div>\n            <\/div>\n          <\/div>\n        <\/div>\n      <\/div>\n    <\/div>\n  <\/div>\n<\/div>","protected":false},"excerpt":{"rendered":"<p>COMIT\u00c9 ORGANIZADOR COMIT\u00c9 LOCAL Fabi\u00e1n Suarez Garc\u00eda (INCAR, CSIC) &#8211; Presidente Covadonga Pevida Garc\u00eda (INCAR, CSIC) &#8211; Secretaria Isabel Suelves Laiglesias (ICB, CSIC) &#8211; Tesorera Victoria Gil Matellanes (INCAR, CSIC) &#8211; Tesorera Ignacio Came\u00e1n Mart\u00ednez (INCAR, CSIC)&nbsp; Alberto Castro Mu\u00f1iz (INCAR, CSIC)&nbsp; Noel Diez Nogu\u00e9s (INCAR, CSIC)&nbsp; Victoria Garc\u00eda Rocha (INCAR, CSIC)&nbsp; Zoraida Gonz\u00e1lez Arias [&hellip;]<\/p>\n","protected":false},"author":1,"featured_media":0,"parent":0,"menu_order":0,"comment_status":"closed","ping_status":"closed","template":"page-templates\/full-width-page.php","meta":[],"_links":{"self":[{"href":"https:\/\/www.gecarbon.org\/xvireuniongec\/index.php\/wp-json\/wp\/v2\/pages\/82"}],"collection":[{"href":"https:\/\/www.gecarbon.org\/xvireuniongec\/index.php\/wp-json\/wp\/v2\/pages"}],"about":[{"href":"https:\/\/www.gecarbon.org\/xvireuniongec\/index.php\/wp-json\/wp\/v2\/types\/page"}],"author":[{"embeddable":true,"href":"https:\/\/www.gecarbon.org\/xvireuniongec\/index.php\/wp-json\/wp\/v2\/users\/1"}],"replies":[{"embeddable":true,"href":"https:\/\/www.gecarbon.org\/xvireuniongec\/index.php\/wp-json\/wp\/v2\/comments?post=82"}],"version-history":[{"count":8,"href":"https:\/\/www.gecarbon.org\/xvireuniongec\/index.php\/wp-json\/wp\/v2\/pages\/82\/revisions"}],"predecessor-version":[{"id":892,"href":"https:\/\/www.gecarbon.org\/xvireuniongec\/index.php\/wp-json\/wp\/v2\/pages\/82\/revisions\/892"}],"wp:attachment":[{"href":"https:\/\/www.gecarbon.org\/xvireuniongec\/index.php\/wp-json\/wp\/v2\/media?parent=82"}],"curies":[{"name":"wp","href":"https:\/\/api.w.org\/{rel}","templated":true}]}}