{"id":85,"date":"2023-03-13T11:50:33","date_gmt":"2023-03-13T11:50:33","guid":{"rendered":"https:\/\/www.gecarbon.org\/demo2023\/?page_id=85"},"modified":"2023-10-20T07:05:19","modified_gmt":"2023-10-20T07:05:19","slug":"premio-jovenes-investigadores","status":"publish","type":"page","link":"https:\/\/www.gecarbon.org\/xvireuniongec\/index.php\/premio-jovenes-investigadores\/","title":{"rendered":"Premio J\u00f3venes Investigadores"},"content":{"rendered":"<div data-colibri-id=\"85-c1\" class=\"style-383 style-local-85-c1 position-relative\">\n  <!---->\n  <div data-colibri-component=\"section\" data-colibri-id=\"85-c2\" id=\"content\" class=\"h-section h-section-global-spacing d-flex align-items-lg-center align-items-md-center align-items-center style-441 style-local-85-c2 position-relative\">\n    <!---->\n    <!---->\n    <div class=\"h-section-grid-container h-section-fluid-container\">\n      <!---->\n      <div data-colibri-id=\"85-c3\" class=\"h-row-container gutters-row-lg-2 gutters-row-md-2 gutters-row-0 gutters-row-v-lg-2 gutters-row-v-md-2 gutters-row-v-2 style-906 style-local-85-c3 position-relative\">\n        <!---->\n        <div class=\"h-row justify-content-lg-center justify-content-md-center justify-content-center align-items-lg-stretch align-items-md-stretch align-items-stretch gutters-col-lg-2 gutters-col-md-2 gutters-col-0 gutters-col-v-lg-2 gutters-col-v-md-2 gutters-col-v-2\">\n          <!---->\n          <div class=\"h-column h-column-container d-flex h-col-lg-auto h-col-md-auto h-col-auto style-907-outer style-local-85-c4-outer\">\n            <div data-colibri-id=\"85-c4\" class=\"d-flex h-flex-basis h-column__inner h-px-lg-2 h-px-md-2 h-px-2 v-inner-lg-2 v-inner-md-2 v-inner-2 style-907 style-local-85-c4 position-relative\">\n              <!---->\n              <!---->\n              <div class=\"w-100 h-y-container h-column__content h-column__v-align flex-basis-100 align-self-lg-start align-self-md-start align-self-start\">\n                <!---->\n                <div data-colibri-id=\"85-c5\" class=\"h-global-transition-all h-heading style-908 style-local-85-c5 position-relative h-element\">\n                  <!---->\n                  <div class=\"h-heading__outer style-908 style-local-85-c5\">\n                    <!---->\n                    <!---->\n                    <h4 class=\"\">CONVOCATORIA<\/h4>\n                  <\/div>\n                <\/div>\n              <\/div>\n            <\/div>\n          <\/div>\n        <\/div>\n      <\/div>\n      <div data-colibri-id=\"85-c6\" class=\"h-row-container gutters-row-lg-2 gutters-row-md-2 gutters-row-0 gutters-row-v-lg-2 gutters-row-v-md-2 gutters-row-v-2 style-903 style-local-85-c6 position-relative\">\n        <!---->\n        <div class=\"h-row justify-content-lg-center justify-content-md-center justify-content-center align-items-lg-stretch align-items-md-stretch align-items-stretch gutters-col-lg-2 gutters-col-md-2 gutters-col-0 gutters-col-v-lg-2 gutters-col-v-md-2 gutters-col-v-2\">\n          <!---->\n          <div class=\"h-column h-column-container d-flex h-col-lg-auto h-col-md-auto h-col-auto style-904-outer style-local-85-c7-outer\">\n            <div data-colibri-id=\"85-c7\" class=\"d-flex h-flex-basis h-column__inner h-px-lg-2 h-px-md-2 h-px-2 v-inner-lg-2 v-inner-md-2 v-inner-2 style-904 style-local-85-c7 position-relative\">\n              <!---->\n              <!---->\n              <div class=\"w-100 h-y-container h-column__content h-column__v-align flex-basis-100 align-self-lg-start align-self-md-start align-self-start\">\n                <!---->\n                <div data-colibri-id=\"85-c8\" class=\"h-global-transition-all h-heading style-905 style-local-85-c8 position-relative h-element\">\n                  <!---->\n                  <div class=\"h-heading__outer style-905 style-local-85-c8\">\n                    <!---->\n                    <!---->\n                    <h2 class=\"\">11\u00ba PREMIO J\u00d3VENES INVESTIGADORES DEL GEC<\/h2>\n                  <\/div>\n                <\/div>\n              <\/div>\n            <\/div>\n          <\/div>\n        <\/div>\n      <\/div>\n      <div data-colibri-id=\"85-c33\" class=\"h-row-container gutters-row-lg-2 gutters-row-md-2 gutters-row-0 gutters-row-v-lg-2 gutters-row-v-md-2 gutters-row-v-2 style-1062 style-local-85-c33 position-relative\">\n        <!---->\n        <div class=\"h-row justify-content-lg-center justify-content-md-center justify-content-center align-items-lg-stretch align-items-md-stretch align-items-stretch gutters-col-lg-2 gutters-col-md-2 gutters-col-0 gutters-col-v-lg-2 gutters-col-v-md-2 gutters-col-v-2\">\n          <!---->\n          <div class=\"h-column h-column-container d-flex h-col-lg-auto h-col-md-auto h-col-auto style-1063-outer style-local-85-c34-outer\">\n            <div data-colibri-id=\"85-c34\" class=\"d-flex h-flex-basis h-column__inner h-px-lg-2 h-px-md-2 h-px-2 v-inner-lg-2 v-inner-md-2 v-inner-2 style-1063 style-local-85-c34 position-relative\">\n              <!---->\n              <!---->\n              <div class=\"w-100 h-y-container h-column__content h-column__v-align flex-basis-100 align-self-lg-start align-self-md-start align-self-start\">\n                <!---->\n                <div data-colibri-id=\"85-c35\" class=\"d-block style-1064 style-local-85-c35 position-relative h-element\">\n                  <!---->\n                  <div class=\"h-image__frame-container-outer\">\n                    <div class=\"h-image__frame-container\">\n                      <!---->\n                      <!---->\n                      <img decoding=\"async\" loading=\"lazy\" width=\"1091\" height=\"587\" src=\"https:\/\/www.gecarbon.org\/xvireuniongec\/wp-content\/uploads\/2023\/10\/finalistas.png\" class=\"wp-image-1029 style-1064-image style-local-85-c35-image\" srcset=\"https:\/\/www.gecarbon.org\/xvireuniongec\/wp-content\/uploads\/2023\/10\/finalistas.png 1091w, https:\/\/www.gecarbon.org\/xvireuniongec\/wp-content\/uploads\/2023\/10\/finalistas-300x161.png 300w, https:\/\/www.gecarbon.org\/xvireuniongec\/wp-content\/uploads\/2023\/10\/finalistas-1024x551.png 1024w, https:\/\/www.gecarbon.org\/xvireuniongec\/wp-content\/uploads\/2023\/10\/finalistas-768x413.png 768w\" sizes=\"(max-width: 1091px) 100vw, 1091px\" alt=\"\" \/>\n                      <div class=\"h-image__frame h-hide-lg h-hide-md h-hide-sm style-1064-frameImage style-local-85-c35-frameImage\"><\/div>\n                    <\/div>\n                  <\/div>\n                <\/div>\n              <\/div>\n            <\/div>\n          <\/div>\n        <\/div>\n      <\/div>\n      <div data-colibri-id=\"85-c13\" class=\"h-row-container gutters-row-lg-2 gutters-row-md-2 gutters-row-0 gutters-row-v-lg-2 gutters-row-v-md-2 gutters-row-v-2 style-707 style-local-85-c13 position-relative\">\n        <!---->\n        <div class=\"h-row justify-content-lg-center justify-content-md-center justify-content-center align-items-lg-stretch align-items-md-stretch align-items-stretch gutters-col-lg-2 gutters-col-md-2 gutters-col-0 gutters-col-v-lg-2 gutters-col-v-md-2 gutters-col-v-2\">\n          <!---->\n          <div class=\"h-column h-column-container d-flex h-col-lg-auto h-col-md-auto h-col-auto style-708-outer style-local-85-c14-outer\">\n            <div data-colibri-id=\"85-c14\" class=\"d-flex h-flex-basis h-column__inner h-px-lg-2 h-px-md-2 h-px-2 v-inner-lg-2 v-inner-md-2 v-inner-2 style-708 style-local-85-c14 position-relative\">\n              <!---->\n              <!---->\n              <div class=\"w-100 h-y-container h-column__content h-column__v-align flex-basis-100 align-self-lg-start align-self-md-start align-self-start\">\n                <!---->\n                <div data-colibri-id=\"85-c32\" class=\"h-global-transition-all h-heading style-1061 style-local-85-c32 position-relative h-element\">\n                  <!---->\n                  <div class=\"h-heading__outer style-1061 style-local-85-c32\">\n                    <!---->\n                    <!---->\n                    <h4 class=\"\">El Grupo Espa\u00f1ol del Carb\u00f3n (GEC), seg\u00fan lo acordado en la Asamblea general celebrada en M\u00e9rida el d\u00eda 24 de octubre de 2001 y las modificaciones convenidas en las Asambleas generales celebradas en Badajoz el d\u00eda 26 de octubre de 2011,\n                      en Madrid el 23 de octubre de 2013, en Alicante el 15 de diciembre de 2014 y telem\u00e1tica el 23 de diciembre de 2020, convoca a j\u00f3venes investigadores a presentar trabajos de investigaci\u00f3n como comunicaciones orales en el marco de\n                      la XVI Reuni\u00f3n del GEC, que se celebrar\u00e1 en Gij\u00f3n del 22 al 25 de octubre de 2023.\n                      <br>El 11\u00ba Premio J\u00f3venes Investigadores del GEC tendr\u00e1 una dotaci\u00f3n de 1000 \u20ac. Se otorgar\u00e1, tambi\u00e9n, un premio de 600 \u20ac para cada uno de los dos finalistas.<\/h4>\n                  <\/div>\n                <\/div>\n                <div data-colibri-id=\"85-c15\" class=\"h-global-transition-all h-heading style-710 style-local-85-c15 position-relative h-element\">\n                  <!---->\n                  <div class=\"h-heading__outer style-710 style-local-85-c15\">\n                    <!---->\n                    <!---->\n                    <h3 class=\"\">Requisitos<\/h3>\n                  <\/div>\n                <\/div>\n                <div data-colibri-id=\"85-c16\" class=\"h-text h-text-component style-709 style-local-85-c16 position-relative h-element\">\n                  <!---->\n                  <!---->\n                  <div class=\"\">\n                    <p>1.- El candidato\/a debe ser doctor\/a joven (novel), haber defendido su tesis doctoral en los a\u00f1os 2021 o 2022 y ser socio\/a en activo del GEC desde antes de la fecha de lectura de su tesis doctoral.<\/p>\n                    <p>2.- El candidato\/a debe presentar un tema sobre su investigaci\u00f3n, enmarc\u00e1ndolo en el contexto global del GEC.<\/p>\n                    <p>3.- El candidato\/a deber\u00e1 hacer una evaluaci\u00f3n sobre ese tema de investigaci\u00f3n en relaci\u00f3n al \u00c1rea en que se enmarca, presentando aportaciones personales y perspectivas futuras.<\/p>\n                    <p>4.- El candidato\/a deber\u00e1 haber publicado una rese\u00f1a de cuatro p\u00e1ginas en el Bolet\u00edn del GEC sobre el tema de investigaci\u00f3n de su tesis doctoral.<\/p>\n                  <\/div>\n                <\/div>\n                <div data-colibri-id=\"85-c17\" class=\"h-global-transition-all h-heading style-711 style-local-85-c17 position-relative h-element\">\n                  <!---->\n                  <div class=\"h-heading__outer style-711 style-local-85-c17\">\n                    <!---->\n                    <!---->\n                    <h3 class=\"\">Presentaci\u00f3n de Documentaci\u00f3n<\/h3>\n                  <\/div>\n                <\/div>\n                <div data-colibri-id=\"85-c18\" class=\"h-text h-text-component style-712 style-local-85-c18 position-relative h-element\">\n                  <!---->\n                  <!---->\n                  <div class=\"\">\n                    <p>El candidato\/a deber\u00e1 cumplimentar el formulario de solicitud (imagen inferior), y adjuntarlo al curr\u00edculo y resumen del trabajo (cinco p\u00e1ginas m\u00e1ximo), todos en formato PDF, al Sr. Secretario del GEC, con copia a la Sra. Presidenta,\n                      antes del 15 de junio de 2023 (direcci\u00f3n de correo electr\u00f3nico Secretario GEC\n                      <a href=\"mailto:fabian@incar.csic.es\">fabian@incar.csic.es<\/a>; direcci\u00f3n correo electr\u00f3nico Presidenta GEC:\n                      <a href=\"mailto:mlazaro@icb.csic.es\">mlazaro@icb.csic.es<\/a>; si es posible enviar mensaje con confirmaci\u00f3n de entrega\/lectura).<\/p>\n                  <\/div>\n                <\/div>\n                <div data-colibri-id=\"85-c20\" class=\"h-global-transition-all h-heading style-713 style-local-85-c20 position-relative h-element\">\n                  <!---->\n                  <div class=\"h-heading__outer style-713 style-local-85-c20\">\n                    <!---->\n                    <!---->\n                    <h3 class=\"\">Selecci\u00f3n de Candidatos<\/h3>\n                  <\/div>\n                <\/div>\n                <div data-colibri-id=\"85-c21\" class=\"h-text h-text-component style-714 style-local-85-c21 position-relative h-element\">\n                  <!---->\n                  <!---->\n                  <div class=\"\">\n                    <p>Se valorar\u00e1: <\/p>\n                    <p>&#8211; Originalidad<\/p>\n                    <p>&#8211; Contribuci\u00f3n al GEC<\/p>\n                    <p>&#8211; Inter\u00e9s del tema<\/p>\n                    <p>1. Los miembros de la Junta Directiva del GEC, seleccionar\u00e1n a tres candidatos\/as (finalistas) que tendr\u00e1n que presentar sus trabajos de investigaci\u00f3n mediante comunicaci\u00f3n oral en la XVI Reuni\u00f3n del GEC.<\/p>\n                    <p>2. Cada uno de los finalistas realizar\u00e1 una presentaci\u00f3n oral de su trabajo, que ser\u00e1 p\u00fablica y tendr\u00e1 una duraci\u00f3n de 20 minutos, seguida de un turno de preguntas de 10 minutos. Una comisi\u00f3n de expertos\/as en las \u00e1reas de los trabajos\n                      presentados, y nombrada por la Junta Directiva del GEC, se encargar\u00e1 de dinamizar el turno de preguntas.<\/p>\n                    <p>3. Se otorgar\u00e1 el 11<em>\u00ba Premio J\u00f3venes Investigadores del <\/em>GEC al investigador\/a que obtenga la mayor puntuaci\u00f3n resultante de las contribuciones siguientes:<\/p>\n                    <p> a) El 40% de la comisi\u00f3n citada en el punto 1.<\/p>\n                    <p>b) El 30% de los expertos\/as citados en el punto 2.<\/p>\n                    <p>c) El 30% de la votaci\u00f3n realizada por los socios del GEC doctores presentes en la sala durante el acto de votaci\u00f3n y que hayan asistido a las tres presentaciones orales y turnos de preguntas.<\/p>\n                  <\/div>\n                <\/div>\n                <div data-colibri-id=\"85-c22\" class=\"h-global-transition-all h-heading style-715 style-local-85-c22 position-relative h-element\">\n                  <!---->\n                  <div class=\"h-heading__outer style-715 style-local-85-c22\">\n                    <!---->\n                    <!---->\n                    <h3 class=\"\">Plazos<\/h3>\n                  <\/div>\n                <\/div>\n                <div data-colibri-id=\"85-c23\" class=\"h-text h-text-component style-719 style-local-85-c23 position-relative h-element\">\n                  <!---->\n                  <!---->\n                  <div class=\"\">\n                    <p>Fecha l\u00edmite de recepci\u00f3n de solicitud, curr\u00edculo y trabajo de investigaci\u00f3n:<\/p>\n                    <p>15 de junio de 2023 a las 12:00 horas.<\/p>\n                    <p>La resoluci\u00f3n del proceso de selecci\u00f3n se comunicar\u00e1 a los candidatos antes del 15 de julio de 2023.<\/p>\n                  <\/div>\n                <\/div>\n                <div data-colibri-id=\"85-c24\" class=\"h-global-transition-all h-heading style-720 style-local-85-c24 position-relative h-element\">\n                  <!---->\n                  <div class=\"h-heading__outer style-720 style-local-85-c24\">\n                    <!---->\n                    <!---->\n                    <h3 class=\"\">Presentaci\u00f3n de los trabajos finalistas<\/h3>\n                  <\/div>\n                <\/div>\n                <div data-colibri-id=\"85-c25\" class=\"h-text h-text-component style-721 style-local-85-c25 position-relative h-element\">\n                  <!---->\n                  <!---->\n                  <div class=\"\">\n                    <p>La presentaci\u00f3n de las comunicaciones orales de los tres trabajos seleccionados como finalistas se llevar\u00e1 a cabo en el marco de la XVI Reuni\u00f3n del GEC en Gij\u00f3n, del 22 al 25 de octubre de 2022.<\/p>\n                  <\/div>\n                <\/div>\n                <div data-colibri-id=\"85-c26\" class=\"h-global-transition-all h-heading style-722 style-local-85-c26 position-relative h-element\">\n                  <!---->\n                  <div class=\"h-heading__outer style-722 style-local-85-c26\">\n                    <!---->\n                    <!---->\n                    <h3 class=\"\">Aceptaci\u00f3n de las bases<\/h3>\n                  <\/div>\n                <\/div>\n                <div data-colibri-id=\"85-c27\" class=\"h-text h-text-component style-723 style-local-85-c27 position-relative h-element\">\n                  <!---->\n                  <!---->\n                  <div class=\"\">\n                    <p>La participaci\u00f3n en esta convocatoria supone la total aceptaci\u00f3n de las presentes bases.<\/p>\n                  <\/div>\n                <\/div>\n              <\/div>\n            <\/div>\n          <\/div>\n        <\/div>\n      <\/div>\n      <div data-colibri-id=\"85-c28\" class=\"h-row-container gutters-row-lg-2 gutters-row-md-2 gutters-row-0 gutters-row-v-lg-2 gutters-row-v-md-2 gutters-row-v-2 style-1057 style-local-85-c28 position-relative\">\n        <!---->\n        <div class=\"h-row justify-content-lg-center justify-content-md-center justify-content-center align-items-lg-stretch align-items-md-stretch align-items-stretch gutters-col-lg-2 gutters-col-md-2 gutters-col-0 gutters-col-v-lg-2 gutters-col-v-md-2 gutters-col-v-2\">\n          <!---->\n          <div class=\"h-column h-column-container d-flex h-col-lg-auto h-col-md-auto h-col-auto style-1058-outer style-local-85-c29-outer\">\n            <div data-colibri-id=\"85-c29\" class=\"d-flex h-flex-basis h-column__inner h-px-lg-2 h-px-md-2 h-px-2 v-inner-lg-2 v-inner-md-2 v-inner-2 style-1058 style-local-85-c29 position-relative\">\n              <!---->\n              <!---->\n              <div class=\"w-100 h-y-container h-column__content h-column__v-align flex-basis-100 align-self-lg-start align-self-md-start align-self-start\">\n                <!---->\n                <div data-colibri-id=\"85-c30\" class=\"d-block style-1059 style-local-85-c30 position-relative h-element\">\n                  <!---->\n                  <div class=\"h-image__frame-container-outer\">\n                    <div class=\"h-image__frame-container\">\n                      <!---->\n                      <!---->\n                      <img decoding=\"async\" loading=\"lazy\" width=\"529\" height=\"322\" src=\"https:\/\/www.gecarbon.org\/xvireuniongec\/wp-content\/uploads\/2023\/05\/cropped-Imagen1.png\" class=\"wp-image-709 style-1059-image style-local-85-c30-image\" srcset=\"https:\/\/www.gecarbon.org\/xvireuniongec\/wp-content\/uploads\/2023\/05\/cropped-Imagen1.png 529w, https:\/\/www.gecarbon.org\/xvireuniongec\/wp-content\/uploads\/2023\/05\/cropped-Imagen1-300x183.png 300w\" sizes=\"(max-width: 529px) 100vw, 529px\" alt=\"\" \/>\n                      <div class=\"h-image__frame h-hide-lg h-hide-md h-hide-sm style-1059-frameImage style-local-85-c30-frameImage\"><\/div>\n                    <\/div>\n                  <\/div>\n                <\/div>\n              <\/div>\n            <\/div>\n          <\/div>\n        <\/div>\n      <\/div>\n    <\/div>\n  <\/div>\n<\/div>","protected":false},"excerpt":{"rendered":"<p>CONVOCATORIA 11\u00ba PREMIO J\u00d3VENES INVESTIGADORES DEL GEC El Grupo Espa\u00f1ol del Carb\u00f3n (GEC), seg\u00fan lo acordado en la Asamblea general celebrada en M\u00e9rida el d\u00eda 24 de octubre de 2001 y las modificaciones convenidas en las Asambleas generales celebradas en Badajoz el d\u00eda 26 de octubre de 2011, en Madrid el 23 de octubre de [&hellip;]<\/p>\n","protected":false},"author":1,"featured_media":0,"parent":0,"menu_order":0,"comment_status":"closed","ping_status":"closed","template":"page-templates\/full-width-page.php","meta":[],"_links":{"self":[{"href":"https:\/\/www.gecarbon.org\/xvireuniongec\/index.php\/wp-json\/wp\/v2\/pages\/85"}],"collection":[{"href":"https:\/\/www.gecarbon.org\/xvireuniongec\/index.php\/wp-json\/wp\/v2\/pages"}],"about":[{"href":"https:\/\/www.gecarbon.org\/xvireuniongec\/index.php\/wp-json\/wp\/v2\/types\/page"}],"author":[{"embeddable":true,"href":"https:\/\/www.gecarbon.org\/xvireuniongec\/index.php\/wp-json\/wp\/v2\/users\/1"}],"replies":[{"embeddable":true,"href":"https:\/\/www.gecarbon.org\/xvireuniongec\/index.php\/wp-json\/wp\/v2\/comments?post=85"}],"version-history":[{"count":9,"href":"https:\/\/www.gecarbon.org\/xvireuniongec\/index.php\/wp-json\/wp\/v2\/pages\/85\/revisions"}],"predecessor-version":[{"id":1031,"href":"https:\/\/www.gecarbon.org\/xvireuniongec\/index.php\/wp-json\/wp\/v2\/pages\/85\/revisions\/1031"}],"wp:attachment":[{"href":"https:\/\/www.gecarbon.org\/xvireuniongec\/index.php\/wp-json\/wp\/v2\/media?parent=85"}],"curies":[{"name":"wp","href":"https:\/\/api.w.org\/{rel}","templated":true}]}}